{"id":39,"date":"2016-06-05T19:50:37","date_gmt":"2016-06-05T19:50:37","guid":{"rendered":"http:\/\/hundetrainer-braunschweig.de\/?page_id=39"},"modified":"2025-07-10T15:45:17","modified_gmt":"2025-07-10T15:45:17","slug":"sgb-hundetraining","status":"publish","type":"page","link":"http:\/\/hundetrainer-braunschweig.de\/","title":{"rendered":"Ihr Hundetrainer f\u00fcr Einzeltraining"},"content":{"rendered":"<div class=\"entry-content\">\n<p>Willkommen auf <a href=\"http:\/\/www.hundetrainer-braunschweig.de\">www.hundetrainer-braunschweig.de<\/a> ,<\/p>\n<p>mein Name ist Andre Uhde, ich bin Ihr professioneller und leidenschaftlicher Hundetrainer seit 2014. M\u00f6chten Sie mich sofort kontaktieren finden Sie rechts meine Kontaktm\u00f6glichkeiten. Ich bin im Laufe des Tages \u00f6fter nicht erreichbar, rufe aber nat\u00fcrlich gerne am selben Tag bis sp\u00e4testens 20:00 zur\u00fcck. Wenn Sie m\u00f6chten k\u00f6nnen Sie mich auch per Mail erreichen, gerne mit Informationen zu Ihrem Anliegen. Bis dahin w\u00fcnsche ich viel Spa\u00df auf meiner Website und w\u00fcrde mich freuen mit Ihnen arbeiten zu d\u00fcrfen.<\/p>\n<h3 style=\"text-align: center;\"><\/h3>\n<p><img loading=\"lazy\" decoding=\"async\" class=\"aligncenter size-large wp-image-89\" src=\"http:\/\/hundetrainer-braunschweig.de\/wp-content\/uploads\/2016\/06\/hundetrainer-braunscheig_2-768x1024.jpg\" sizes=\"auto, (max-width: 768px) 100vw, 768px\" srcset=\"http:\/\/hundetrainer-braunschweig.de\/wp-content\/uploads\/2016\/06\/hundetrainer-braunscheig_2-768x1024.jpg 768w, http:\/\/hundetrainer-braunschweig.de\/wp-content\/uploads\/2016\/06\/hundetrainer-braunscheig_2-225x300.jpg 225w, http:\/\/hundetrainer-braunschweig.de\/wp-content\/uploads\/2016\/06\/hundetrainer-braunscheig_2.jpg 1200w\" alt=\"hundetrainer-braunscheig_2\" width=\"768\" height=\"1024\" \/><\/p>\n<\/div>\n","protected":false},"excerpt":{"rendered":"<p>Willkommen auf www.hundetrainer-braunschweig.de , mein Name ist Andre Uhde, ich bin Ihr professioneller und leidenschaftlicher Hundetrainer seit 2014. M\u00f6chten Sie mich sofort kontaktieren finden Sie rechts meine Kontaktm\u00f6glichkeiten. Ich bin&nbsp;<span class=\"readmore\"><a class=\"more-link\" href=\"http:\/\/hundetrainer-braunschweig.de\/\">Continue reading<\/a><\/span><!-- .readmore --><\/p>\n","protected":false},"author":1,"featured_media":0,"parent":0,"menu_order":0,"comment_status":"closed","ping_status":"closed","template":"","meta":{"footnotes":""},"class_list":["post-39","page","type-page","status-publish","hentry"],"_links":{"self":[{"href":"http:\/\/hundetrainer-braunschweig.de\/index.php?rest_route=\/wp\/v2\/pages\/39","targetHints":{"allow":["GET"]}}],"collection":[{"href":"http:\/\/hundetrainer-braunschweig.de\/index.php?rest_route=\/wp\/v2\/pages"}],"about":[{"href":"http:\/\/hundetrainer-braunschweig.de\/index.php?rest_route=\/wp\/v2\/types\/page"}],"author":[{"embeddable":true,"href":"http:\/\/hundetrainer-braunschweig.de\/index.php?rest_route=\/wp\/v2\/users\/1"}],"replies":[{"embeddable":true,"href":"http:\/\/hundetrainer-braunschweig.de\/index.php?rest_route=%2Fwp%2Fv2%2Fcomments&post=39"}],"version-history":[{"count":22,"href":"http:\/\/hundetrainer-braunschweig.de\/index.php?rest_route=\/wp\/v2\/pages\/39\/revisions"}],"predecessor-version":[{"id":267,"href":"http:\/\/hundetrainer-braunschweig.de\/index.php?rest_route=\/wp\/v2\/pages\/39\/revisions\/267"}],"wp:attachment":[{"href":"http:\/\/hundetrainer-braunschweig.de\/index.php?rest_route=%2Fwp%2Fv2%2Fmedia&parent=39"}],"curies":[{"name":"wp","href":"https:\/\/api.w.org\/{rel}","templated":true}]}}